{"id":10,"date":"2021-05-20T18:33:47","date_gmt":"2021-05-20T16:33:47","guid":{"rendered":"http:\/\/lagavroche.com\/?page_id=10"},"modified":"2024-06-07T15:33:21","modified_gmt":"2024-06-07T13:33:21","slug":"la-maison","status":"publish","type":"page","link":"https:\/\/lagavroche.com\/","title":{"rendered":"La Maison"},"content":{"rendered":"\n<h3 class=\"has-text-align-center wp-block-heading\"><strong>LA GAVROCHE<\/strong><\/h3>\n\n\n\n<p class=\"has-text-align-center\" style=\"font-size:15px;line-height:2.7\">La gavroche est une petite maison de ville enti\u00e8rement restaur\u00e9e avec des mat\u00e9riaux de qualit\u00e9, elle peut accueillir deux personnes. La maison est situ\u00e9e dans l&rsquo;une des rues les plus embl\u00e9matiques et pittoresques de la cit\u00e9 fortifi\u00e9e de Montreuil-sur-Mer au pied des remparts. <\/p>\n\n\n\n<figure class=\"wp-block-image size-large is-resized is-style-default\"><img loading=\"lazy\" decoding=\"async\" src=\"https:\/\/lagavroche.com\/wp-content\/uploads\/2021\/05\/lagavroche_7-683x1024.jpg\" alt=\"LA GAVROCHE\" class=\"wp-image-41\" width=\"611\" height=\"917\" srcset=\"https:\/\/lagavroche.com\/wp-content\/uploads\/2021\/05\/lagavroche_7-683x1024.jpg 683w, https:\/\/lagavroche.com\/wp-content\/uploads\/2021\/05\/lagavroche_7-200x300.jpg 200w, https:\/\/lagavroche.com\/wp-content\/uploads\/2021\/05\/lagavroche_7-768x1152.jpg 768w, https:\/\/lagavroche.com\/wp-content\/uploads\/2021\/05\/lagavroche_7-1024x1536.jpg 1024w, https:\/\/lagavroche.com\/wp-content\/uploads\/2021\/05\/lagavroche_7-1365x2048.jpg 1365w, https:\/\/lagavroche.com\/wp-content\/uploads\/2021\/05\/lagavroche_7-1568x2352.jpg 1568w, https:\/\/lagavroche.com\/wp-content\/uploads\/2021\/05\/lagavroche_7-scaled.jpg 1707w\" sizes=\"auto, (max-width: 611px) 100vw, 611px\" \/><\/figure>\n\n\n\n<h4 class=\"has-text-align-center has-extra-small-font-size wp-block-heading\"><strong>La Cav\u00e9e Saint-Firmin<\/strong><\/h4>\n\n\n\n<p class=\"has-text-align-center\" style=\"font-size:17px\"><strong>\u00ab\u00a0Ancienne voie royale, longtemps principal acc\u00e8s de Montreuil, la Cav\u00e9e Saint-Firmin reste embl\u00e9matique. Ses pav\u00e9s, sa pente, ses maisons color\u00e9es\u2026 Le d\u00e9cor est parfait comme entr\u00e9e en mati\u00e8re avant la d\u00e9couverte de la ville haute et son riche patrimoine\u00a0\u00bb<\/strong><\/p>\n\n\n\n<p class=\"has-text-align-center\" style=\"font-size:10px\">La Voix du Nord<\/p>\n","protected":false},"excerpt":{"rendered":"<p>LA GAVROCHE La gavroche est une petite maison de ville enti\u00e8rement restaur\u00e9e avec des mat\u00e9riaux de qualit\u00e9, elle peut accueillir deux personnes. La maison est situ\u00e9e dans l&rsquo;une des rues les plus embl\u00e9matiques et pittoresques de la cit\u00e9 fortifi\u00e9e de Montreuil-sur-Mer au pied des remparts. La Cav\u00e9e Saint-Firmin \u00ab\u00a0Ancienne voie royale, longtemps principal acc\u00e8s de&hellip; <a class=\"more-link\" href=\"https:\/\/lagavroche.com\/\">Poursuivre la lecture <span class=\"screen-reader-text\">La Maison<\/span><\/a><\/p>\n","protected":false},"author":1,"featured_media":0,"parent":0,"menu_order":0,"comment_status":"closed","ping_status":"closed","template":"","meta":{"footnotes":""},"class_list":["post-10","page","type-page","status-publish","hentry","entry"],"_links":{"self":[{"href":"https:\/\/lagavroche.com\/index.php\/wp-json\/wp\/v2\/pages\/10","targetHints":{"allow":["GET"]}}],"collection":[{"href":"https:\/\/lagavroche.com\/index.php\/wp-json\/wp\/v2\/pages"}],"about":[{"href":"https:\/\/lagavroche.com\/index.php\/wp-json\/wp\/v2\/types\/page"}],"author":[{"embeddable":true,"href":"https:\/\/lagavroche.com\/index.php\/wp-json\/wp\/v2\/users\/1"}],"replies":[{"embeddable":true,"href":"https:\/\/lagavroche.com\/index.php\/wp-json\/wp\/v2\/comments?post=10"}],"version-history":[{"count":11,"href":"https:\/\/lagavroche.com\/index.php\/wp-json\/wp\/v2\/pages\/10\/revisions"}],"predecessor-version":[{"id":219,"href":"https:\/\/lagavroche.com\/index.php\/wp-json\/wp\/v2\/pages\/10\/revisions\/219"}],"wp:attachment":[{"href":"https:\/\/lagavroche.com\/index.php\/wp-json\/wp\/v2\/media?parent=10"}],"curies":[{"name":"wp","href":"https:\/\/api.w.org\/{rel}","templated":true}]}}