{"id":15,"date":"2021-05-20T18:37:57","date_gmt":"2021-05-20T16:37:57","guid":{"rendered":"http:\/\/lagavroche.com\/?page_id=15"},"modified":"2024-06-07T15:45:51","modified_gmt":"2024-06-07T13:45:51","slug":"infos","status":"publish","type":"page","link":"https:\/\/lagavroche.com\/index.php\/infos\/","title":{"rendered":"INFOS"},"content":{"rendered":"\n<h3 class=\"wp-block-heading\"><strong>Le logement<\/strong><\/h3>\n\n\n\n<p>Au rez de chauss\u00e9e se trouve le salon avec un canap\u00e9, TV \u00e9cran plat, internet (Netflix, amazon prime )<\/p>\n\n\n\n<p>Une cuisine parfaitement \u00e9quip\u00e9e : machine \u00e0 caf\u00e9 tassimo, bouilloire, four micro-ondes, four, lave-vaisselle&#8230;<\/p>\n\n\n\n<h5 class=\"wp-block-heading\"><strong>\u00c0 l&rsquo;\u00e9tage<\/strong><\/h5>\n\n\n\n<p>Une chambre avec salle de bain attenante, dressing fait sur mesure avec un espace de rangement et lave linge s\u00e9chant.<\/p>\n\n\n\n<div style=\"height:100px\" aria-hidden=\"true\" class=\"wp-block-spacer\"><\/div>\n\n\n\n<h3 class=\"wp-block-heading\"><strong>Arriv\u00e9e et d\u00e9part<\/strong><\/h3>\n\n\n\n<p>Votre arriv\u00e9e se fait \u00e0 partir de 17h00 et votre d\u00e9part au plus tard \u00e0 11h<\/p>\n\n\n\n<p>Le solde de la location est \u00e0 r\u00e9gler \u00e0 votre arriv\u00e9e.<\/p>\n\n\n\n<p>Un d\u00e9p\u00f4t de garantie  selon la dur\u00e9e de s\u00e9jour peut vous etre \u00e9galement demand\u00e9, il n&rsquo;est pas encaiss\u00e9.<\/p>\n\n\n\n<div style=\"height:100px\" aria-hidden=\"true\" class=\"wp-block-spacer\"><\/div>\n\n\n\n<h3 class=\"wp-block-heading\"><strong>Pendant votre s\u00e9jour<\/strong><\/h3>\n\n\n\n<p>Le client devra respecter le caract\u00e8re paisible des lieux et en faire un usage conforme \u00e0 leur destination.<\/p>\n\n\n\n<p>Toutes r\u00e9parations rendues n\u00e9cessaire par la n\u00e9gligence du client\/locataire en cours de location sera \u00e0 sa charge.<\/p>\n\n\n\n<p>Le g\u00eete est non fumeur.<\/p>\n\n\n\n<p>Le g\u00eete doit \u00eatre rendu dans le m\u00eame \u00e9tat de propret\u00e9 que celui dans lequel le client l&rsquo;a re\u00e7u. Le client\/locataire \u00e0 la possibilit\u00e9 de prendre l&rsquo;assistance m\u00e9nage fin de s\u00e9jour (prestation suppl\u00e9mentaire d&rsquo;un montant de 20 \u00e0  50\u20ac).<\/p>\n\n\n\n<p>Le tarif de la location comprend l&rsquo;eau, l&rsquo;\u00e9lectricit\u00e9, l&rsquo;acc\u00e8s \u00e0 la wifi, le linge de lit et le linge de toilette.<\/p>\n\n\n\n<h3 class=\"wp-block-heading\"><strong>Animaux<\/strong><\/h3>\n\n\n\n<p>D\u00e9sol\u00e9, mais nous n&rsquo;acceptons pas les animaux.<\/p>\n\n\n\n<div style=\"height:100px\" aria-hidden=\"true\" class=\"wp-block-spacer\"><\/div>\n\n\n\n<h3 class=\"wp-block-heading\"><strong>Acc\u00e8s aux voyageurs<\/strong><\/h3>\n\n\n\n<p>La maison est situ\u00e9 au pied des remparts, proche de toutes commodit\u00e9s (boulangeries, restaurants&#8230;). Il est tr\u00e8s facile de sillonner les rues authentiques de Montreuil-sur-Mer \u00e0 pieds.<\/p>\n","protected":false},"excerpt":{"rendered":"<p>Le logement Au rez de chauss\u00e9e se trouve le salon avec un canap\u00e9, TV \u00e9cran plat, internet (Netflix, amazon prime ) Une cuisine parfaitement \u00e9quip\u00e9e : machine \u00e0 caf\u00e9 tassimo, bouilloire, four micro-ondes, four, lave-vaisselle&#8230; \u00c0 l&rsquo;\u00e9tage Une chambre avec salle de bain attenante, dressing fait sur mesure avec un espace de rangement et lave&hellip; <a class=\"more-link\" href=\"https:\/\/lagavroche.com\/index.php\/infos\/\">Poursuivre la lecture <span class=\"screen-reader-text\">INFOS<\/span><\/a><\/p>\n","protected":false},"author":1,"featured_media":0,"parent":0,"menu_order":0,"comment_status":"closed","ping_status":"closed","template":"","meta":{"footnotes":""},"class_list":["post-15","page","type-page","status-publish","hentry","entry"],"_links":{"self":[{"href":"https:\/\/lagavroche.com\/index.php\/wp-json\/wp\/v2\/pages\/15","targetHints":{"allow":["GET"]}}],"collection":[{"href":"https:\/\/lagavroche.com\/index.php\/wp-json\/wp\/v2\/pages"}],"about":[{"href":"https:\/\/lagavroche.com\/index.php\/wp-json\/wp\/v2\/types\/page"}],"author":[{"embeddable":true,"href":"https:\/\/lagavroche.com\/index.php\/wp-json\/wp\/v2\/users\/1"}],"replies":[{"embeddable":true,"href":"https:\/\/lagavroche.com\/index.php\/wp-json\/wp\/v2\/comments?post=15"}],"version-history":[{"count":10,"href":"https:\/\/lagavroche.com\/index.php\/wp-json\/wp\/v2\/pages\/15\/revisions"}],"predecessor-version":[{"id":223,"href":"https:\/\/lagavroche.com\/index.php\/wp-json\/wp\/v2\/pages\/15\/revisions\/223"}],"wp:attachment":[{"href":"https:\/\/lagavroche.com\/index.php\/wp-json\/wp\/v2\/media?parent=15"}],"curies":[{"name":"wp","href":"https:\/\/api.w.org\/{rel}","templated":true}]}}