{"id":17,"date":"2021-05-20T18:37:57","date_gmt":"2021-05-20T16:37:57","guid":{"rendered":"http:\/\/lagavroche.com\/?page_id=17"},"modified":"2021-05-21T19:28:44","modified_gmt":"2021-05-21T17:28:44","slug":"contact","status":"publish","type":"page","link":"https:\/\/lagavroche.com\/index.php\/contact\/","title":{"rendered":"Contact"},"content":{"rendered":"\n<div class=\"wp-block-columns is-layout-flex wp-container-core-columns-is-layout-9d6595d7 wp-block-columns-is-layout-flex\">\n<div class=\"wp-block-column is-vertically-aligned-center is-layout-flow wp-block-column-is-layout-flow\">\n<p><strong>LA GAVROCHE<\/strong><\/p>\n\n\n\n<p>19 CAV\u00c9E SAINT-FIRMIN<\/p>\n\n\n\n<p>62170 MONTREUIL-SUR-MER<\/p>\n<\/div>\n<\/div>\n\n\n\n<div class=\"wp-block-columns is-layout-flex wp-container-core-columns-is-layout-9d6595d7 wp-block-columns-is-layout-flex\">\n<div class=\"wp-block-column is-layout-flow wp-block-column-is-layout-flow\" style=\"flex-basis:100%\">\n<iframe src=\"https:\/\/www.google.com\/maps\/embed?pb=!1m18!1m12!1m3!1d2539.7077599633335!2d1.7609719656323646!3d50.46516642947743!2m3!1f0!2f0!3f0!3m2!1i1024!2i768!4f13.1!3m3!1m2!1s0x47ddc7a1981e5c75%3A0x60880c5b3064c61f!2sLa%20gavroche!5e0!3m2!1sfr!2sfr!4v1621614245011!5m2!1sfr!2sfr\" width=\"600\" height=\"450\" style=\"border:0;\" allowfullscreen=\"\" loading=\"lazy\"><\/iframe>\n<\/div>\n<\/div>\n\n\n\n<div class=\"wp-block-columns is-layout-flex wp-container-core-columns-is-layout-9d6595d7 wp-block-columns-is-layout-flex\">\n<div class=\"wp-block-column is-layout-flow wp-block-column-is-layout-flow\">\n<hr class=\"wp-block-separator\"\/>\n<\/div>\n<\/div>\n\n\n\n<div style=\"height:21px\" aria-hidden=\"true\" class=\"wp-block-spacer\"><\/div>\n\n\n\n<div class=\"wp-block-buttons is-layout-flex wp-block-buttons-is-layout-flex\">\n<div class=\"wp-block-button\"><a class=\"wp-block-button__link\" href=\"mailto:lagavrochemontreuil@orange.fr\" target=\"_blank\" rel=\"noreferrer noopener\">Contactez-nous<\/a><\/div>\n\n\n\n<div class=\"wp-block-button\"><a class=\"wp-block-button__link\" href=\"http:\/\/@lagavroche_montreuilsurmer\">Instagram<\/a><\/div>\n<\/div>\n\n\n\n<p>J\u00e9r\u00f4me &amp; Michelle DUBOIS<\/p>\n\n\n\n<p style=\"line-height:0\"><strong>06 70 85 26 79<\/strong><\/p>\n\n\n\n<p style=\"line-height:0\"><strong>06 61 13 14 84<\/strong><\/p>\n","protected":false},"excerpt":{"rendered":"<p>LA GAVROCHE 19 CAV\u00c9E SAINT-FIRMIN 62170 MONTREUIL-SUR-MER J\u00e9r\u00f4me &amp; Michelle DUBOIS 06 70 85 26 79 06 61 13 14 84<\/p>\n","protected":false},"author":1,"featured_media":0,"parent":0,"menu_order":0,"comment_status":"closed","ping_status":"closed","template":"","meta":{"footnotes":""},"class_list":["post-17","page","type-page","status-publish","hentry","entry"],"_links":{"self":[{"href":"https:\/\/lagavroche.com\/index.php\/wp-json\/wp\/v2\/pages\/17","targetHints":{"allow":["GET"]}}],"collection":[{"href":"https:\/\/lagavroche.com\/index.php\/wp-json\/wp\/v2\/pages"}],"about":[{"href":"https:\/\/lagavroche.com\/index.php\/wp-json\/wp\/v2\/types\/page"}],"author":[{"embeddable":true,"href":"https:\/\/lagavroche.com\/index.php\/wp-json\/wp\/v2\/users\/1"}],"replies":[{"embeddable":true,"href":"https:\/\/lagavroche.com\/index.php\/wp-json\/wp\/v2\/comments?post=17"}],"version-history":[{"count":12,"href":"https:\/\/lagavroche.com\/index.php\/wp-json\/wp\/v2\/pages\/17\/revisions"}],"predecessor-version":[{"id":200,"href":"https:\/\/lagavroche.com\/index.php\/wp-json\/wp\/v2\/pages\/17\/revisions\/200"}],"wp:attachment":[{"href":"https:\/\/lagavroche.com\/index.php\/wp-json\/wp\/v2\/media?parent=17"}],"curies":[{"name":"wp","href":"https:\/\/api.w.org\/{rel}","templated":true}]}}